{"id":1872,"date":"2020-06-30T20:47:59","date_gmt":"2020-06-30T20:47:59","guid":{"rendered":"http:\/\/tidyandwhite.com\/testimonios\/"},"modified":"2021-09-16T18:16:16","modified_gmt":"2021-09-16T17:16:16","slug":"testimonios","status":"publish","type":"page","link":"https:\/\/tidyandwhite.com\/es\/testimonios\/","title":{"rendered":"Testimonios"},"content":{"rendered":"<p>[et_pb_section fb_built=\u00bb1&#8243; custom_padding_last_edited=\u00bbon|phone\u00bb _builder_version=\u00bb4.4.8&#8243; background_enable_color=\u00bboff\u00bb background_enable_image=\u00bboff\u00bb custom_margin=\u00bb0px||||false|false\u00bb custom_margin_tablet=\u00bb\u00bb custom_margin_phone=\u00bb\u00bb custom_margin_last_edited=\u00bbon|phone\u00bb custom_padding=\u00bb195px||2px||false|false\u00bb custom_padding_tablet=\u00bb\u00bb custom_padding_phone=\u00bb50px||||false|false\u00bb][et_pb_row column_structure=\u00bb1_4,3_4&#8243; use_custom_gutter=\u00bbon\u00bb gutter_width=\u00bb1&#8243; make_equal=\u00bbon\u00bb custom_padding_last_edited=\u00bbon|phone\u00bb _builder_version=\u00bb4.4.8&#8243; background_enable_color=\u00bboff\u00bb background_image=\u00bbhttp:\/\/tidyandwhite.com\/wp-content\/uploads\/2020\/06\/cintillo-testimonials.jpg\u00bb background_position=\u00bbbottom_right\u00bb width=\u00bb100%\u00bb max_width=\u00bb100%\u00bb custom_margin=\u00bb-199px||||false|false\u00bb custom_margin_tablet=\u00bb\u00bb custom_margin_phone=\u00bb-50px||||false|false\u00bb custom_margin_last_edited=\u00bbon|phone\u00bb custom_padding=\u00bb0px||0px||false|false\u00bb custom_padding_tablet=\u00bb\u00bb custom_padding_phone=\u00bb0px||200px||false|false\u00bb background_last_edited=\u00bbon|phone\u00bb background_size_phone=\u00bbinitial\u00bb][et_pb_column type=\u00bb1_4&#8243; _builder_version=\u00bb4.4.8&#8243;][et_pb_text disabled_on=\u00bboff|off|off\u00bb _builder_version=\u00bb4.4.8&#8243; text_font=\u00bbCrimson Pro||||||||\u00bb text_text_color=\u00bb#c0914e\u00bb header_font=\u00bbCrimson Text||||||||\u00bb header_3_font=\u00bbCrimson Pro|600|on||||||\u00bb header_3_text_align=\u00bbcenter\u00bb header_3_text_color=\u00bb#c0914e\u00bb header_3_font_size=\u00bb28px\u00bb use_background_color_gradient=\u00bbon\u00bb background_color_gradient_start=\u00bb#ffffff\u00bb background_color_gradient_end=\u00bb#e6f6f6&#8243; background_color_gradient_type=\u00bbradial\u00bb background_image=\u00bbhttp:\/\/tidyandwhite.com\/wp-content\/uploads\/2020\/10\/frame-text.jpg\u00bb background_blend=\u00bbmultiply\u00bb custom_margin=\u00bb||||false|false\u00bb custom_padding=\u00bb65px||65px||true|false\u00bb custom_padding_tablet=\u00bb\u00bb custom_padding_phone=\u00bb100px||60px||false|false\u00bb custom_padding_last_edited=\u00bbon|phone\u00bb hover_enabled=\u00bb0&#8243; background_last_edited=\u00bbon|phone\u00bb background_image_phone=\u00bbhttp:\/\/tidyandwhite.com\/wp-content\/uploads\/2020\/10\/Gotas-mobile.jpg\u00bb background_enable_image_phone=\u00bbon\u00bb background_size_phone=\u00bbcover\u00bb background_position_phone=\u00bbbottom_left\u00bb title_text_phone=\u00bbGotas-mobile\u00bb title_text=\u00bbframe-text\u00bb]<\/p>\n<h3>Tus errores no te definen, no definen hacia d\u00f3nde te diriges; simplemente le recuerdan d\u00f3nde ha estado.<\/h3>\n<p>[\/et_pb_text][\/et_pb_column][et_pb_column type=\u00bb3_4&#8243; _builder_version=\u00bb4.4.8&#8243;][\/et_pb_column][\/et_pb_row][\/et_pb_section][et_pb_section fb_built=\u00bb1&#8243; _builder_version=\u00bb4.4.8&#8243; custom_padding=\u00bb11px||8px|||\u00bb][et_pb_row _builder_version=\u00bb4.4.8&#8243; custom_margin=\u00bb|auto|14px|auto||\u00bb custom_padding=\u00bb23px||9px|||\u00bb][et_pb_column type=\u00bb4_4&#8243; _builder_version=\u00bb4.4.8&#8243;][et_pb_text _builder_version=\u00bb4.4.8&#8243; header_font=\u00bbCrimson Pro|500|on||||||\u00bb header_text_color=\u00bb#c0914e\u00bb header_font_size=\u00bb35px\u00bb]<\/p>\n<h1 style=\"text-align: center;\">Testimonios<\/h1>\n<p>[\/et_pb_text][\/et_pb_column][\/et_pb_row][et_pb_row _builder_version=\u00bb4.4.8&#8243; custom_padding=\u00bb||||false|false\u00bb][et_pb_column type=\u00bb4_4&#8243; _builder_version=\u00bb4.4.8&#8243;][et_pb_testimonial portrait_height_last_edited=\u00bboff|desktop\u00bb _builder_version=\u00bb4.4.8&#8243; body_line_height=\u00bb1.3em\u00bb author_text_align=\u00bbleft\u00bb background_color=\u00bb#fdeaef\u00bb]<\/p>\n<p>Maggie nos ha ayudado mucho en el hogar, dedicando mucho tiempo a investigar la visi\u00f3n que le describimos de c\u00f3mo quer\u00edamos que fuera nuestra habitaci\u00f3n. Como resultado de sus ideas y su aliento a las t\u00e9cnicas de organizaci\u00f3n y plegado, ella ha hecho realidad nuestra visi\u00f3n. Y al hacerlo, nos ha ense\u00f1ado una importante lecci\u00f3n: salvar el espacio, salvar el mundo. &#8211; L.S.<\/p>\n<p>[\/et_pb_testimonial][\/et_pb_column][\/et_pb_row][et_pb_row _builder_version=\u00bb4.4.8&#8243; custom_padding=\u00bb||||false|false\u00bb][et_pb_column type=\u00bb4_4&#8243; _builder_version=\u00bb4.4.8&#8243;][et_pb_testimonial portrait_height_last_edited=\u00bboff|desktop\u00bb _builder_version=\u00bb4.4.8&#8243; body_line_height=\u00bb1.3em\u00bb author_text_align=\u00bbleft\u00bb background_color=\u00bb#e6f6f6&#8243;]<\/p>\n<p>Me gusta el m\u00e9todo KonMari \u2122. Siento alivio porque solo he guardado las cosas que amo. Me gusta el m\u00e9todo de doblar la ropa. Estoy muy contento con el resultado de las sesiones. <strong>Libros<\/strong> &#8211; Ahora, solo tengo los libros que me gustar\u00eda volver a leer, luego los dejar\u00e9 ir. <strong>Papeles &#8211; <\/strong>\u00a0tengo mejores habilidades de organizaci\u00f3n. <strong>Sentimental &#8211;<\/strong>\u00a0para volver a conectarme con mis elementos sentimentales, descart\u00e9 algunos elementos que ya no generaban alegr\u00eda. -M.T<\/p>\n<p>[\/et_pb_testimonial][\/et_pb_column][\/et_pb_row][et_pb_row _builder_version=\u00bb4.4.8&#8243; background_enable_color=\u00bboff\u00bb custom_margin=\u00bb||||false|false\u00bb custom_padding=\u00bb||5px|||\u00bb][et_pb_column type=\u00bb4_4&#8243; _builder_version=\u00bb4.4.8&#8243;][et_pb_testimonial _builder_version=\u00bb4.4.8&#8243; author_text_align=\u00bbleft\u00bb background_color=\u00bb#fdeaef\u00bb custom_padding=\u00bb||22px|||\u00bb]<\/p>\n<p>Me gusta el m\u00e9todo de ordenar \u00a1visualmente puedes ver lo que tienes! Mantenerlo de esta manera lo convierte en algo simple, funcional y r\u00e1pido que sin duda maximiza el espacio. Es satisfactorio ver la ropa doblada de esta manera. Muchas gracias por presentar el m\u00e9todo KM. -C.B.<\/p>\n<p>[\/et_pb_testimonial][\/et_pb_column][\/et_pb_row][et_pb_row _builder_version=\u00bb4.4.8&#8243; custom_padding=\u00bb||17px|||\u00bb][et_pb_column type=\u00bb4_4&#8243; _builder_version=\u00bb4.4.8&#8243;][et_pb_testimonial _builder_version=\u00bb4.4.8&#8243; author_text_align=\u00bbleft\u00bb background_color=\u00bb#e6f6f6&#8243;]<\/p>\n<p>Me encanta el M\u00e9todo KonMari \u2122 especialmente cuando tuvimos que darle un lugar a cada art\u00edculo. Maggie hizo un trabajo incre\u00edble y no puedo encontrar las palabras para describir el alivio que sent\u00ed. &#8211; A.T.N.<\/p>\n<p>[\/et_pb_testimonial][\/et_pb_column][\/et_pb_row][et_pb_row _builder_version=\u00bb4.4.8&#8243; custom_padding=\u00bb||12px|||\u00bb][et_pb_column type=\u00bb4_4&#8243; _builder_version=\u00bb4.4.8&#8243;][et_pb_testimonial _builder_version=\u00bb4.4.8&#8243; author_text_align=\u00bbleft\u00bb background_color=\u00bb#fdeaef\u00bb]<\/p>\n<p>Me deshice de mis libros porque ya no leo y pens\u00e9 que ser\u00eda mejor d\u00e1rselos a otras personas. Solo guard\u00e9 los libros que me emocionan. Solo estando rodeado de las cosas que amo, mi estado de \u00e1nimo diario mejor\u00f3 y concentr\u00e9 mi tiempo en otras cosas. Aprend\u00ed c\u00f3mo organizarme y c\u00f3mo reconectarme con elementos sentimentales. Estaba guardando cosas que sol\u00edan ser de valor sentimental para m\u00ed, pero ahora he perdido el apego sentimental, por lo tanto, tuve que dejarlo ir. -A.<\/p>\n<p>[\/et_pb_testimonial][\/et_pb_column][\/et_pb_row][et_pb_row _builder_version=\u00bb4.4.8&#8243; custom_padding=\u00bb||17px|||\u00bb][et_pb_column type=\u00bb4_4&#8243; _builder_version=\u00bb4.4.8&#8243;][et_pb_testimonial _builder_version=\u00bb4.4.8&#8243; author_text_align=\u00bbleft\u00bb background_color=\u00bb#e6f6f6&#8243;]<\/p>\n<div id=\"x_yMail_cursorElementTracker_1592874690550\" dir=\"ltr\">Con sus habilidades y paciencia, Maggie me ayud\u00f3 a organizar mi vida al dejar ir y regalar las posesiones que ya no necesito en mi vida. Ahora me siento como una persona nueva &#8230; \u00a1Mi casa est\u00e1 fresca y finalmente ordenada! No puedo agradecerle lo suficiente.- D.R.<\/div>\n<p>[\/et_pb_testimonial][\/et_pb_column][\/et_pb_row][et_pb_row _builder_version=\u00bb4.4.8&#8243; custom_padding=\u00bb||17px|||\u00bb][et_pb_column type=\u00bb4_4&#8243; _builder_version=\u00bb4.4.8&#8243;][et_pb_testimonial _builder_version=\u00bb4.4.8&#8243; author_text_align=\u00bbcenter\u00bb background_color=\u00bb#fdeaef\u00bb]<\/p>\n<div id=\"x_yMail_cursorElementTracker_1592874690550\" dir=\"ltr\">Maggie me ayud\u00f3 a cambiar un gran peso en mi vida. Mi habitaci\u00f3n se sent\u00eda irremediablemente desordenada. Era algo de lo que me avergonzaba y, cuando llegaban los visitantes, la puerta siempre estaba bien cerrada. La tarea fue tan abrumadora para m\u00ed, a pesar de que hab\u00eda tratado de abordarla. Llegaba tan lejos y luego, despu\u00e9s de un mes, r\u00e1pidamente volv\u00eda a estar desorganizada. Maggie cambi\u00f3 por completo eso con su apoyo. Se preocupaba por mi vida como madre y entend\u00eda las luchas. Ella vino a mi lado y me ayud\u00f3 a ordenar cada \u00e1rea. Incluso dio espacio y aliento para tomar decisiones dif\u00edciles. Definitivamente estaba lista para un cambio y quer\u00eda un hogar para mis hijos para poder estar orgullosa de vivir en \u00e9l. Ella fue m\u00e1s all\u00e1 de lo que esperaba. Y ahora estar en casa se siente como estar de vacaciones &#8230; \u00a1literalmente mi habitaci\u00f3n se ha convertido en un refugio seguro, y ahora es mi espacio favorito! Ella me ayud\u00f3 a darme cuenta de que se trata m\u00e1s de la calidad que de la cantidad, lo que ha cambiado mi vida. Me inspir\u00f3 a\u00fan m\u00e1s para decorar. Mis hijos y yo amamos nuestro &#8216;nuevo&#8217; hogar. Estoy m\u00e1s tranquila y me siento bien conmigo misma porque refleja m\u00e1s de lo que soy. &#8211; J.S.<\/div>\n<p>[\/et_pb_testimonial][\/et_pb_column][\/et_pb_row][et_pb_row _builder_version=\u00bb4.4.8&#8243; custom_padding=\u00bb||17px|||\u00bb][et_pb_column type=\u00bb4_4&#8243; _builder_version=\u00bb4.4.8&#8243;][et_pb_testimonial _builder_version=\u00bb4.4.8&#8243; author_text_align=\u00bbcenter\u00bb background_color=\u00bb#e6f6f6&#8243;]<\/p>\n<p>Maggie transform\u00f3 por completo la habitaci\u00f3n de mi hermano y la m\u00eda, que sol\u00eda verse muy desordenada. Ella nos ense\u00f1\u00f3 a doblar nuestra ropa correctamente para que se vea ordenada y organizada. Tambi\u00e9n nos ense\u00f1\u00f3 a saber si necesit\u00e1bamos algo o si quer\u00edamos algo y si pens\u00e1bamos que no lo necesit\u00e1bamos, entonces ten\u00edamos que dejarlo ir. Maggie nos ayud\u00f3 mucho en nuestra casa y nos gustar\u00eda agradecerle por hacer lo mejor que pudo por nuestra casa. &#8211; J.S.F.<\/p>\n<p>[\/et_pb_testimonial][\/et_pb_column][\/et_pb_row][\/et_pb_section][et_pb_section fb_built=\u00bb1&#8243; _builder_version=\u00bb4.4.8&#8243; custom_padding=\u00bb10px||9px|||\u00bb][et_pb_row _builder_version=\u00bb4.4.8&#8243; module_alignment=\u00bbcenter\u00bb custom_padding=\u00bb7px|||||\u00bb][et_pb_column type=\u00bb4_4&#8243; _builder_version=\u00bb4.4.8&#8243;][et_pb_testimonial _builder_version=\u00bb4.4.8&#8243; author_text_align=\u00bbcenter\u00bb background_color=\u00bb#e6f6f6&#8243;]<\/p>\n<p>Maggie completely transformed our home before, I thought the only way to feel the chance it was by redecorating!\u00a0 I never ever thought by tidying and organising was going to make a\u00a0 huge difference. It is amazing the patience she had and giving us the motivation to focus on the lifestyle we wanted to live. I (we) used to be very messy, due to my work and family chores. She taught us how to fold our clothes properly so they look neat and organised. She also taught us to give a place to every item. I (we) learnt how to let it go things.\u00a0 Maggie helped us a lot in my home and I would like to thank her for doing the best she could for my house. &#8211; (Family of four)<\/p>\n<p>[\/et_pb_testimonial][et_pb_comments show_avatar=\u00bboff\u00bb show_count=\u00bboff\u00bb _builder_version=\u00bb4.4.8&#8243; form_field_background_color=\u00bb#eaeaea\u00bb form_field_text_color=\u00bb#707070&#8243; title_font=\u00bbCrimson Pro|500|on||||||\u00bb title_text_color=\u00bb#c0914e\u00bb title_font_size=\u00bb35px\u00bb meta_text_align=\u00bbcenter\u00bb body_text_align=\u00bbcenter\u00bb form_field_text_align=\u00bbleft\u00bb background_color=\u00bbrgba(0,0,0,0)\u00bb custom_button=\u00bbon\u00bb button_text_size=\u00bb14px\u00bb button_text_color=\u00bb#8c8c8c\u00bb button_use_icon=\u00bboff\u00bb text_orientation=\u00bbcenter\u00bb module_alignment=\u00bbcenter\u00bb custom_padding=\u00bb0px|||||\u00bb][\/et_pb_comments][\/et_pb_column][\/et_pb_row][\/et_pb_section][et_pb_section fb_built=\u00bb1&#8243; _builder_version=\u00bb4.4.8&#8243; custom_margin=\u00bb0px||0px||true|false\u00bb custom_padding=\u00bb0px||0px||true|false\u00bb border_width_top=\u00bb3px\u00bb border_color_top=\u00bb#c0914e\u00bb global_module=\u00bb477&#8243; saved_tabs=\u00bball\u00bb locked=\u00bboff\u00bb][et_pb_row column_structure=\u00bb1_3,1_3,1_3&#8243; _builder_version=\u00bb4.4.8&#8243; custom_padding=\u00bb||10px||false|false\u00bb][et_pb_column type=\u00bb1_3&#8243; _builder_version=\u00bb4.4.8&#8243;][et_pb_image src=\u00bbhttp:\/\/tidyandwhite.com\/wp-content\/uploads\/2020\/06\/Watermark-1.jpg\u00bb title_text=\u00bbWatermark 1&#8243; align=\u00bbcenter\u00bb _builder_version=\u00bb4.4.8&#8243;][\/et_pb_image][\/et_pb_column][et_pb_column type=\u00bb1_3&#8243; _builder_version=\u00bb4.4.8&#8243;][et_pb_text _builder_version=\u00bb4.4.8&#8243; header_font=\u00bbCrimson Pro||on||||||\u00bb header_text_align=\u00bbcenter\u00bb header_text_color=\u00bb#c0914e\u00bb header_font_size=\u00bb35px\u00bb custom_margin=\u00bb||0px||false|false\u00bb custom_padding=\u00bb0px||0px||false|false\u00bb]<\/p>\n<h1>Siguenos<\/h1>\n<p>[\/et_pb_text][et_pb_social_media_follow icon_color=\u00bb#ffffff\u00bb use_icon_font_size=\u00bbon\u00bb icon_font_size=\u00bb20px\u00bb _builder_version=\u00bb4.4.8&#8243; custom_button=\u00bbon\u00bb text_orientation=\u00bbcenter\u00bb custom_margin=\u00bb0px||0px||true|false\u00bb custom_padding=\u00bb0px||0px||true|false\u00bb border_radii=\u00bbon|20px|20px|20px|20px\u00bb custom_margin__hover_enabled=\u00bboff|desktop\u00bb][et_pb_social_media_follow_network social_network=\u00bbfacebook\u00bb url=\u00bbhttps:\/\/www.facebook.com\/Tidyandwhiteorgansing\u00bb _builder_version=\u00bb4.4.8&#8243; background_color=\u00bb#3b5998&#8243; follow_button=\u00bboff\u00bb url_new_window=\u00bbon\u00bb]facebook[\/et_pb_social_media_follow_network][et_pb_social_media_follow_network social_network=\u00bbinstagram\u00bb url=\u00bbhttps:\/\/www.instagram.com\/tidyandwhite\/\u00bb _builder_version=\u00bb4.4.8&#8243; background_color=\u00bb#ea2c59&#8243; follow_button=\u00bboff\u00bb url_new_window=\u00bbon\u00bb]instagram[\/et_pb_social_media_follow_network][et_pb_social_media_follow_network social_network=\u00bbyoutube\u00bb url=\u00bbhttps:\/\/www.youtube.com\/channel\/UC8SsocRcoPNJ1SD_J5ejCvg?view_as=subscriber\u00bb _builder_version=\u00bb4.4.8&#8243; background_color=\u00bb#a82400&#8243; follow_button=\u00bboff\u00bb url_new_window=\u00bbon\u00bb]youtube[\/et_pb_social_media_follow_network][\/et_pb_social_media_follow][\/et_pb_column][et_pb_column type=\u00bb1_3&#8243; _builder_version=\u00bb4.4.8&#8243;][et_pb_image src=\u00bbhttp:\/\/tidyandwhite.com\/wp-content\/uploads\/2020\/06\/Tidy-and-White-Sticker-1.jpg\u00bb title_text=\u00bbTidy and White Sticker 1&#8243; align=\u00bbcenter\u00bb _builder_version=\u00bb4.4.8&#8243; width=\u00bb25%\u00bb][\/et_pb_image][\/et_pb_column][\/et_pb_row][et_pb_row _builder_version=\u00bb4.4.8&#8243; background_color=\u00bb#e6f6f6&#8243; width=\u00bb100%\u00bb max_width=\u00bb100%\u00bb custom_margin=\u00bb0px||0px||true|false\u00bb custom_padding=\u00bb0px||0px||true|false\u00bb saved_tabs=\u00bball\u00bb][et_pb_column type=\u00bb4_4&#8243; _builder_version=\u00bb4.4.8&#8243;][et_pb_text _builder_version=\u00bb4.4.8&#8243; text_font=\u00bbCrimson Text||||||||\u00bb text_orientation=\u00bbcenter\u00bb module_alignment=\u00bbcenter\u00bb custom_margin=\u00bb||1px||false|false\u00bb custom_padding=\u00bb17px||||false|false\u00bb header_6_font_size_tablet=\u00bb\u00bb header_6_font_size_phone=\u00bb11px\u00bb header_6_font_size_last_edited=\u00bbon|phone\u00bb]<\/p>\n<h6 style=\"text-align: center;\"><strong><a href=\"http:\/\/tidyandwhite.com\/terms-and-conditions\/\">Terminos y condiciones\u00a0<\/a> \u00a0 \u00a0\u00a0<a href=\"http:\/\/tidyandwhite.com\/privacy-policy\/\">Politica de privacidad<\/a><\/strong><\/h6>\n<p>[\/et_pb_text][et_pb_text _builder_version=\u00bb4.4.8&#8243; header_font=\u00bbCrimson Pro|500|on||||||\u00bb header_text_color=\u00bb#c0914e\u00bb custom_margin=\u00bb15px||-15px||false|false\u00bb header_font_size_tablet=\u00bb\u00bb header_font_size_phone=\u00bb20px\u00bb header_font_size_last_edited=\u00bbon|phone\u00bb]<\/p>\n<h1 style=\"text-align: center;\">Lugar Organizado + Mente Organizada = Vida Organizada<\/h1>\n<p>[\/et_pb_text][\/et_pb_column][\/et_pb_row][\/et_pb_section]<\/p>\n","protected":false},"excerpt":{"rendered":"<p>Tus errores no te definen, no definen hacia d\u00f3nde te diriges; simplemente le recuerdan d\u00f3nde ha estado. TestimoniosMaggie nos ha ayudado mucho en el hogar, dedicando mucho tiempo a investigar la visi\u00f3n que le describimos de c\u00f3mo quer\u00edamos que fuera nuestra habitaci\u00f3n. Como resultado de sus ideas y su aliento a las t\u00e9cnicas de organizaci\u00f3n [&hellip;]<\/p>\n","protected":false},"author":11,"featured_media":0,"parent":0,"menu_order":0,"comment_status":"open","ping_status":"closed","template":"","meta":{"_et_pb_use_builder":"on","_et_pb_old_content":"","_et_gb_content_width":"","_vp_format_video_url":"","_vp_image_focal_point":[],"footnotes":""},"class_list":["post-1872","page","type-page","status-publish","hentry"],"yoast_head":"<!-- This site is optimized with the Yoast SEO plugin v27.3 - https:\/\/yoast.com\/product\/yoast-seo-wordpress\/ -->\n<title>Testimonios - Tidy and White<\/title>\n<meta name=\"robots\" content=\"index, follow, max-snippet:-1, max-image-preview:large, max-video-preview:-1\" \/>\n<link rel=\"canonical\" href=\"https:\/\/tidyandwhite.com\/es\/testimonios\/?lang=es\" \/>\n<meta property=\"og:locale\" content=\"es_ES\" \/>\n<meta property=\"og:type\" content=\"article\" \/>\n<meta property=\"og:title\" content=\"Testimonios - Tidy and White\" \/>\n<meta property=\"og:description\" content=\"Tus errores no te definen, no definen hacia d\u00f3nde te diriges; simplemente le recuerdan d\u00f3nde ha estado. TestimoniosMaggie nos ha ayudado mucho en el hogar, dedicando mucho tiempo a investigar la visi\u00f3n que le describimos de c\u00f3mo quer\u00edamos que fuera nuestra habitaci\u00f3n. Como resultado de sus ideas y su aliento a las t\u00e9cnicas de organizaci\u00f3n [&hellip;]\" \/>\n<meta property=\"og:url\" content=\"https:\/\/tidyandwhite.com\/testimonios\/?lang=es\" \/>\n<meta property=\"og:site_name\" content=\"Tidy and White\" \/>\n<meta property=\"article:publisher\" content=\"https:\/\/www.facebook.com\/Tidyandwhiteorganiser\" \/>\n<meta property=\"article:modified_time\" content=\"2021-09-16T17:16:16+00:00\" \/>\n<meta name=\"twitter:card\" content=\"summary_large_image\" \/>\n<meta name=\"twitter:label1\" content=\"Tiempo de lectura\" \/>\n\t<meta name=\"twitter:data1\" content=\"11 minutos\" \/>\n<script type=\"application\/ld+json\" class=\"yoast-schema-graph\">{\"@context\":\"https:\\\/\\\/schema.org\",\"@graph\":[{\"@type\":\"WebPage\",\"@id\":\"https:\\\/\\\/tidyandwhite.com\\\/testimonios\\\/?lang=es\",\"url\":\"https:\\\/\\\/tidyandwhite.com\\\/testimonios\\\/?lang=es\",\"name\":\"Testimonios - Tidy and White\",\"isPartOf\":{\"@id\":\"https:\\\/\\\/tidyandwhite.com\\\/#website\"},\"datePublished\":\"2020-06-30T20:47:59+00:00\",\"dateModified\":\"2021-09-16T17:16:16+00:00\",\"breadcrumb\":{\"@id\":\"https:\\\/\\\/tidyandwhite.com\\\/testimonios\\\/?lang=es#breadcrumb\"},\"inLanguage\":\"es\",\"potentialAction\":[{\"@type\":\"ReadAction\",\"target\":[\"https:\\\/\\\/tidyandwhite.com\\\/testimonios\\\/?lang=es\"]}]},{\"@type\":\"BreadcrumbList\",\"@id\":\"https:\\\/\\\/tidyandwhite.com\\\/testimonios\\\/?lang=es#breadcrumb\",\"itemListElement\":[{\"@type\":\"ListItem\",\"position\":1,\"name\":\"Home\",\"item\":\"https:\\\/\\\/tidyandwhite.com\\\/es\\\/\"},{\"@type\":\"ListItem\",\"position\":2,\"name\":\"Testimonios\"}]},{\"@type\":\"WebSite\",\"@id\":\"https:\\\/\\\/tidyandwhite.com\\\/#website\",\"url\":\"https:\\\/\\\/tidyandwhite.com\\\/\",\"name\":\"Tidy and White\",\"description\":\"Tidy Place + Tidy Mind = Tidy Life\",\"publisher\":{\"@id\":\"https:\\\/\\\/tidyandwhite.com\\\/#organization\"},\"potentialAction\":[{\"@type\":\"SearchAction\",\"target\":{\"@type\":\"EntryPoint\",\"urlTemplate\":\"https:\\\/\\\/tidyandwhite.com\\\/?s={search_term_string}\"},\"query-input\":{\"@type\":\"PropertyValueSpecification\",\"valueRequired\":true,\"valueName\":\"search_term_string\"}}],\"inLanguage\":\"es\"},{\"@type\":\"Organization\",\"@id\":\"https:\\\/\\\/tidyandwhite.com\\\/#organization\",\"name\":\"Tidy and White | Tidy Place + Tidy Mind = Tidy Life\",\"url\":\"https:\\\/\\\/tidyandwhite.com\\\/\",\"logo\":{\"@type\":\"ImageObject\",\"inLanguage\":\"es\",\"@id\":\"https:\\\/\\\/tidyandwhite.com\\\/#\\\/schema\\\/logo\\\/image\\\/\",\"url\":\"https:\\\/\\\/tidyandwhite.com\\\/wp-content\\\/uploads\\\/2020\\\/06\\\/Tidy-and-White-logo-final-home.gif\",\"contentUrl\":\"https:\\\/\\\/tidyandwhite.com\\\/wp-content\\\/uploads\\\/2020\\\/06\\\/Tidy-and-White-logo-final-home.gif\",\"width\":494,\"height\":396,\"caption\":\"Tidy and White | Tidy Place + Tidy Mind = Tidy Life\"},\"image\":{\"@id\":\"https:\\\/\\\/tidyandwhite.com\\\/#\\\/schema\\\/logo\\\/image\\\/\"},\"sameAs\":[\"https:\\\/\\\/www.facebook.com\\\/Tidyandwhiteorganiser\",\"https:\\\/\\\/www.instagram.com\\\/tidyandwhite\\\/\",\"https:\\\/\\\/www.youtube.com\\\/channel\\\/UC8SsocRcoPNJ1SD_J5ejCvg?view_as=subscriber\"]}]}<\/script>\n<!-- \/ Yoast SEO plugin. -->","yoast_head_json":{"title":"Testimonios - Tidy and White","robots":{"index":"index","follow":"follow","max-snippet":"max-snippet:-1","max-image-preview":"max-image-preview:large","max-video-preview":"max-video-preview:-1"},"canonical":"https:\/\/tidyandwhite.com\/es\/testimonios\/?lang=es","og_locale":"es_ES","og_type":"article","og_title":"Testimonios - Tidy and White","og_description":"Tus errores no te definen, no definen hacia d\u00f3nde te diriges; simplemente le recuerdan d\u00f3nde ha estado. TestimoniosMaggie nos ha ayudado mucho en el hogar, dedicando mucho tiempo a investigar la visi\u00f3n que le describimos de c\u00f3mo quer\u00edamos que fuera nuestra habitaci\u00f3n. Como resultado de sus ideas y su aliento a las t\u00e9cnicas de organizaci\u00f3n [&hellip;]","og_url":"https:\/\/tidyandwhite.com\/testimonios\/?lang=es","og_site_name":"Tidy and White","article_publisher":"https:\/\/www.facebook.com\/Tidyandwhiteorganiser","article_modified_time":"2021-09-16T17:16:16+00:00","twitter_card":"summary_large_image","twitter_misc":{"Tiempo de lectura":"11 minutos"},"schema":{"@context":"https:\/\/schema.org","@graph":[{"@type":"WebPage","@id":"https:\/\/tidyandwhite.com\/testimonios\/?lang=es","url":"https:\/\/tidyandwhite.com\/testimonios\/?lang=es","name":"Testimonios - Tidy and White","isPartOf":{"@id":"https:\/\/tidyandwhite.com\/#website"},"datePublished":"2020-06-30T20:47:59+00:00","dateModified":"2021-09-16T17:16:16+00:00","breadcrumb":{"@id":"https:\/\/tidyandwhite.com\/testimonios\/?lang=es#breadcrumb"},"inLanguage":"es","potentialAction":[{"@type":"ReadAction","target":["https:\/\/tidyandwhite.com\/testimonios\/?lang=es"]}]},{"@type":"BreadcrumbList","@id":"https:\/\/tidyandwhite.com\/testimonios\/?lang=es#breadcrumb","itemListElement":[{"@type":"ListItem","position":1,"name":"Home","item":"https:\/\/tidyandwhite.com\/es\/"},{"@type":"ListItem","position":2,"name":"Testimonios"}]},{"@type":"WebSite","@id":"https:\/\/tidyandwhite.com\/#website","url":"https:\/\/tidyandwhite.com\/","name":"Tidy and White","description":"Tidy Place + Tidy Mind = Tidy Life","publisher":{"@id":"https:\/\/tidyandwhite.com\/#organization"},"potentialAction":[{"@type":"SearchAction","target":{"@type":"EntryPoint","urlTemplate":"https:\/\/tidyandwhite.com\/?s={search_term_string}"},"query-input":{"@type":"PropertyValueSpecification","valueRequired":true,"valueName":"search_term_string"}}],"inLanguage":"es"},{"@type":"Organization","@id":"https:\/\/tidyandwhite.com\/#organization","name":"Tidy and White | Tidy Place + Tidy Mind = Tidy Life","url":"https:\/\/tidyandwhite.com\/","logo":{"@type":"ImageObject","inLanguage":"es","@id":"https:\/\/tidyandwhite.com\/#\/schema\/logo\/image\/","url":"https:\/\/tidyandwhite.com\/wp-content\/uploads\/2020\/06\/Tidy-and-White-logo-final-home.gif","contentUrl":"https:\/\/tidyandwhite.com\/wp-content\/uploads\/2020\/06\/Tidy-and-White-logo-final-home.gif","width":494,"height":396,"caption":"Tidy and White | Tidy Place + Tidy Mind = Tidy Life"},"image":{"@id":"https:\/\/tidyandwhite.com\/#\/schema\/logo\/image\/"},"sameAs":["https:\/\/www.facebook.com\/Tidyandwhiteorganiser","https:\/\/www.instagram.com\/tidyandwhite\/","https:\/\/www.youtube.com\/channel\/UC8SsocRcoPNJ1SD_J5ejCvg?view_as=subscriber"]}]}},"_links":{"self":[{"href":"https:\/\/tidyandwhite.com\/es\/wp-json\/wp\/v2\/pages\/1872","targetHints":{"allow":["GET"]}}],"collection":[{"href":"https:\/\/tidyandwhite.com\/es\/wp-json\/wp\/v2\/pages"}],"about":[{"href":"https:\/\/tidyandwhite.com\/es\/wp-json\/wp\/v2\/types\/page"}],"author":[{"embeddable":true,"href":"https:\/\/tidyandwhite.com\/es\/wp-json\/wp\/v2\/users\/11"}],"replies":[{"embeddable":true,"href":"https:\/\/tidyandwhite.com\/es\/wp-json\/wp\/v2\/comments?post=1872"}],"version-history":[{"count":0,"href":"https:\/\/tidyandwhite.com\/es\/wp-json\/wp\/v2\/pages\/1872\/revisions"}],"wp:attachment":[{"href":"https:\/\/tidyandwhite.com\/es\/wp-json\/wp\/v2\/media?parent=1872"}],"curies":[{"name":"wp","href":"https:\/\/api.w.org\/{rel}","templated":true}]}}